{"id":3828,"date":"2026-03-09T18:00:33","date_gmt":"2026-03-09T17:00:33","guid":{"rendered":"https:\/\/shineza.org\/?page_id=3828"},"modified":"2026-03-09T18:00:34","modified_gmt":"2026-03-09T17:00:34","slug":"services-3","status":"publish","type":"page","link":"https:\/\/shineza.org\/index.php\/services-3\/","title":{"rendered":"Services"},"content":{"rendered":"\n<h2 class=\"wp-block-heading\">HUB SOURCING<\/h2>\n\n\n\n<div style=\"height:45px\" aria-hidden=\"true\" class=\"wp-block-spacer\"><\/div>\n\n\n\n<div class=\"wp-block-media-text has-media-on-the-right is-stacked-on-mobile\" style=\"grid-template-columns:auto 42%\"><div class=\"wp-block-media-text__content\">\n<h3 class=\"wp-block-heading\" style=\"margin-top:var(--wp--preset--spacing--30);margin-bottom:var(--wp--preset--spacing--30);line-height:1.5\">V\u00e9rification de Fabricant<\/h3>\n\n\n\n<p style=\"line-height:1.5\">Travailler directement avec des fabricants chinois permet un meilleur contr\u00f4le qualit\u00e9 et des co\u00fbts r\u00e9duits \u2014 mais il est difficile de v\u00e9rifier que vous n\u2019avez pas affaire \u00e0 un interm\u00e9diaire (trader). Shineza v\u00e9rifie les identit\u00e9s et les canaux de communication pour vous connecter directement \u00e0 la v\u00e9ritable usine, \u00e9vitant ainsi des prix major\u00e9s et une flexibilit\u00e9 r\u00e9duite.<\/p>\n\n\n\n<div style=\"height:20px\" aria-hidden=\"true\" class=\"wp-block-spacer\"><\/div>\n\n\n\n<h3 class=\"wp-block-heading\" style=\"margin-top:var(--wp--preset--spacing--30);margin-bottom:var(--wp--preset--spacing--30);line-height:1.5\">Contrat G\u00e9n\u00e9ral d&#8217;Achats<\/h3>\n\n\n\n<p style=\"line-height:1.5\">Ne passez jamais une commande sans un solide Contrat d&#8217;achat bilingue, sign\u00e9 et d\u00fbment tamponn\u00e9 conform\u00e9ment au droit chinois. Nous fournissons des mod\u00e8les actualis\u00e9s ou des versions personnalis\u00e9es couvrant les sp\u00e9cifications, la livraison, les prix, les inspections qualit\u00e9, les paiements s\u00e9curis\u00e9s et la confidentialit\u00e9 \u2014 r\u00e9duisant ainsi les malentendus, les litiges et les risques.<\/p>\n<\/div><figure class=\"wp-block-media-text__media\"><img fetchpriority=\"high\" decoding=\"async\" width=\"1024\" height=\"682\" src=\"https:\/\/shineza.org\/wp-content\/uploads\/2024\/06\/pexels-pixabay-327540-1024x682.jpg\" alt=\"\" class=\"wp-image-2500 size-full\" srcset=\"https:\/\/shineza.org\/wp-content\/uploads\/2024\/06\/pexels-pixabay-327540-1024x682.jpg 1024w, https:\/\/shineza.org\/wp-content\/uploads\/2024\/06\/pexels-pixabay-327540-300x200.jpg 300w, https:\/\/shineza.org\/wp-content\/uploads\/2024\/06\/pexels-pixabay-327540-768x511.jpg 768w, https:\/\/shineza.org\/wp-content\/uploads\/2024\/06\/pexels-pixabay-327540-1536x1022.jpg 1536w, https:\/\/shineza.org\/wp-content\/uploads\/2024\/06\/pexels-pixabay-327540-2048x1363.jpg 2048w\" sizes=\"(max-width: 1024px) 100vw, 1024px\" \/><\/figure><\/div>\n\n\n\n<div style=\"height:20px\" aria-hidden=\"true\" class=\"wp-block-spacer\"><\/div>\n\n\n\n<div class=\"wp-block-media-text is-stacked-on-mobile\" style=\"grid-template-columns:43% auto\"><figure class=\"wp-block-media-text__media\"><img decoding=\"async\" width=\"1024\" height=\"683\" src=\"https:\/\/shineza.org\/wp-content\/uploads\/2024\/06\/pexels-karolina-grabowska-7876050-1024x683.webp\" alt=\"How to resolve a trade dispute with a Chinese supplier\" class=\"wp-image-2778 size-full\"\/><\/figure><div class=\"wp-block-media-text__content\">\n<h3 class=\"wp-block-heading\" style=\"margin-top:var(--wp--preset--spacing--30);margin-bottom:var(--wp--preset--spacing--30);line-height:1\">Autres Contrats \/ Protocoles d&#8217;Accords (MOU)<\/h3>\n\n\n\n<p>Protocole d\u2019accord (Memorandum of Understanding &#8211; MOU) :<\/p>\n\n\n\n<div class=\"wp-block-group is-nowrap is-layout-flex wp-container-core-group-is-layout-6c531013 wp-block-group-is-layout-flex\">\n<p style=\"line-height:1.5\">Commencez par un Protocole d\u2019accord non contraignant (MOU) pour vous aligner sur les termes essentiels avant de finaliser. Ensuite, s\u00e9curisez des contrats contraignants (OEM, Distribution, Contr\u00f4le qualit\u00e9) d\u00e9taillant les sp\u00e9cifications, les prix, les d\u00e9lais, les droits de propri\u00e9t\u00e9 intellectuelle et les modes de r\u00e9solution des litiges \u2014 garantissant clart\u00e9, protection juridique et recours en cas de probl\u00e8me.<\/p>\n<\/div>\n\n\n\n<div style=\"height:20px\" aria-hidden=\"true\" class=\"wp-block-spacer\"><\/div>\n\n\n\n<h3 class=\"wp-block-heading\" style=\"margin-top:var(--wp--preset--spacing--30);margin-bottom:var(--wp--preset--spacing--30);line-height:1\">Recherche d&#8217;Enregistrement d&#8217;Entreprise<\/h3>\n\n\n\n<p style=\"line-height:1.5\">Des doutes sur la l\u00e9gitimit\u00e9 d\u2019un fournisseur ? Nous consultons les registres officiels chinois pour confirmer si un fabricant ou un interm\u00e9diaire est correctement enregistr\u00e9 \u2014 ou m\u00eame s\u2019il existe r\u00e9ellement \u2014 vous aidant \u00e0 \u00e9viter les arnaques et les pertes financi\u00e8res importantes d\u00e8s le d\u00e9part.<\/p>\n<\/div><\/div>\n\n\n\n<ol class=\"wp-block-list\"><\/ol>\n\n\n\n<div style=\"height:100px\" aria-hidden=\"true\" class=\"wp-block-spacer\"><\/div>\n\n\n\n<h2 class=\"wp-block-heading\">PROPRI\u00c9T\u00c9 INTELLECTUELLE<\/h2>\n\n\n\n<div style=\"height:45px\" aria-hidden=\"true\" class=\"wp-block-spacer\"><\/div>\n\n\n\n<div class=\"wp-block-media-text has-media-on-the-right is-stacked-on-mobile\" style=\"grid-template-columns:auto 43%\"><div class=\"wp-block-media-text__content\">\n<h3 class=\"wp-block-heading\" style=\"margin-top:var(--wp--preset--spacing--30);margin-bottom:var(--wp--preset--spacing--30);line-height:1.5\">Accords NNN : Non-Utilisation \/ Non-Divulgation \/ Non-Contournement<\/h3>\n\n\n\n<p style=\"line-height:1.5\">Prot\u00e9gez vos id\u00e9es, designs et liste de clients en Chine avec un solide Accord NNN \u2014 bien plus complet qu\u2019un accord de non-divulgation standard. Il emp\u00eache le fabricant d\u2019utiliser, de partager ou de contourner votre interm\u00e9diaire pour vendre directement \u00e0 vos clients.<\/p>\n\n\n\n<div style=\"height:20px\" aria-hidden=\"true\" class=\"wp-block-spacer\"><\/div>\n\n\n\n<h3 class=\"wp-block-heading\" style=\"margin-top:var(--wp--preset--spacing--30);margin-bottom:var(--wp--preset--spacing--30);line-height:1.5\">Enregistrement de Marque (Trademark)<\/h3>\n\n\n\n<p style=\"line-height:1.5\">La Chine applique un syst\u00e8me strict de \u00ab premier d\u00e9posant \u00bb (first-to-file) \u2014 enregistrez rapidement votre nom de marque et votre logo pour s\u00e9curiser des droits exclusifs. Shineza g\u00e8re le screening complet (variantes en anglais\/chinois), la demande et le d\u00e9p\u00f4t ; l\u2019enregistrement prend 3 \u00e0 6 mois, la protection \u00e9tant vuln\u00e9rable apr\u00e8s 3 ans de non-usage.<\/p>\n<\/div><figure class=\"wp-block-media-text__media\"><img decoding=\"async\" width=\"984\" height=\"1024\" src=\"https:\/\/shineza.org\/wp-content\/uploads\/2024\/06\/man-woman-shaking-hands-997402-984x1024.jpg\" alt=\"Verify Chinese manufacturer authenticity\" class=\"wp-image-2670 size-full\" srcset=\"https:\/\/shineza.org\/wp-content\/uploads\/2024\/06\/man-woman-shaking-hands-997402-984x1024.jpg 984w, https:\/\/shineza.org\/wp-content\/uploads\/2024\/06\/man-woman-shaking-hands-997402-288x300.jpg 288w, https:\/\/shineza.org\/wp-content\/uploads\/2024\/06\/man-woman-shaking-hands-997402-768x799.jpg 768w, https:\/\/shineza.org\/wp-content\/uploads\/2024\/06\/man-woman-shaking-hands-997402.jpg 1230w\" sizes=\"(max-width: 984px) 100vw, 984px\" \/><\/figure><\/div>\n\n\n\n<div style=\"height:20px\" aria-hidden=\"true\" class=\"wp-block-spacer\"><\/div>\n\n\n\n<div class=\"wp-block-media-text is-stacked-on-mobile\"><figure class=\"wp-block-media-text__media\"><img loading=\"lazy\" decoding=\"async\" width=\"1024\" height=\"682\" src=\"https:\/\/shineza.org\/wp-content\/uploads\/2024\/07\/pexels-photo-5425648-5425648-1024x682.jpg\" alt=\"pexels-photo-5425648-5425648.jpg\" class=\"wp-image-3092 size-full\" srcset=\"https:\/\/shineza.org\/wp-content\/uploads\/2024\/07\/pexels-photo-5425648-5425648-1024x682.jpg 1024w, https:\/\/shineza.org\/wp-content\/uploads\/2024\/07\/pexels-photo-5425648-5425648-300x200.jpg 300w, https:\/\/shineza.org\/wp-content\/uploads\/2024\/07\/pexels-photo-5425648-5425648-768x512.jpg 768w, https:\/\/shineza.org\/wp-content\/uploads\/2024\/07\/pexels-photo-5425648-5425648.jpg 1280w\" sizes=\"(max-width: 1024px) 100vw, 1024px\" \/><\/figure><div class=\"wp-block-media-text__content\">\n<h3 class=\"wp-block-heading\" style=\"margin-top:var(--wp--preset--spacing--30);margin-bottom:var(--wp--preset--spacing--30);line-height:1.5\">Enregistrement de Brevet<\/h3>\n\n\n\n<p>S\u00e9curisez des droits exclusifs sur vos inventions, am\u00e9liorations ou designs en Chine. Nous vous assistons pour les brevets d\u2019invention (solutions techniques), les mod\u00e8les d\u2019utilit\u00e9 (structure\/forme du produit) et les brevets de design \u2014 emp\u00eachant autrui de fabriquer, utiliser ou vendre votre innovation.<\/p>\n\n\n\n<div style=\"height:20px\" aria-hidden=\"true\" class=\"wp-block-spacer\"><\/div>\n\n\n\n<h3 class=\"wp-block-heading\" style=\"margin-top:var(--wp--preset--spacing--30);margin-bottom:var(--wp--preset--spacing--30);line-height:1.5\">Enregistrement de Droit d&#8217;Auteur (Copyright)<\/h3>\n\n\n\n<p>Prot\u00e9gez vos \u0153uvres cr\u00e9atives originales (illustrations, designs, code logiciel, manuels) par un enregistrement de droit d\u2019auteur en Chine. Cela conf\u00e8re des droits exclusifs de reproduction, de distribution et d\u2019adaptation de l\u2019expression de vos id\u00e9es \u2014 indispensable pour la marque et les supports produits.<\/p>\n<\/div><\/div>\n\n\n\n<div style=\"height:100px\" aria-hidden=\"true\" class=\"wp-block-spacer\"><\/div>\n\n\n\n<h2 class=\"wp-block-heading\">LITIGE COMMERCIAL<\/h2>\n\n\n\n<div style=\"height:45px\" aria-hidden=\"true\" class=\"wp-block-spacer\"><\/div>\n\n\n\n<div class=\"wp-block-media-text has-media-on-the-right is-stacked-on-mobile\" style=\"grid-template-columns:auto 35%\"><div class=\"wp-block-media-text__content\">\n<h3 class=\"wp-block-heading\" style=\"margin-top:var(--wp--preset--spacing--30);margin-bottom:var(--wp--preset--spacing--30);line-height:1.5\">Diagnostic de Contentieux<\/h3>\n\n\n\n<p style=\"line-height:1.5\">La communication avec votre fournisseur chinois est rompue ? Envoyez-nous vos contrats et d\u00e9tails \u2014 nous \u00e9valuons rapidement la situation, estimons les chances de rouvrir le dialogue et vous conseillons sur les \u00e9tapes suivantes. C\u2019est l\u2019un de nos services les plus demand\u00e9s pour les probl\u00e8mes de commerce avec la Chine.<\/p>\n\n\n\n<div style=\"height:20px\" aria-hidden=\"true\" class=\"wp-block-spacer\"><\/div>\n\n\n\n<h3 class=\"wp-block-heading\" style=\"margin-top:var(--wp--preset--spacing--30);margin-bottom:var(--wp--preset--spacing--30)\">Lettre de Mise en Demeure<\/h3>\n\n\n\n<p style=\"line-height:1.5\">Une lettre de mise en demeure formelle r\u00e9dig\u00e9e par un avocat affirme vos droits, exige l\u2019ex\u00e9cution ou le remboursement, et relance souvent la communication ou un r\u00e8glement amiable. C\u2019est une \u00e9tape \u00e0 faible co\u00fbt en cas de violation de contrat ou de fraude, satisfaisant aux exigences de r\u00e8glement pr\u00e9alable \u00e0 une action judiciaire et r\u00e9v\u00e9lant les d\u00e9fenses de la partie adverse.<\/p>\n\n\n\n<div style=\"height:20px\" aria-hidden=\"true\" class=\"wp-block-spacer\"><\/div>\n\n\n\n<h3 class=\"wp-block-heading\" style=\"margin-top:var(--wp--preset--spacing--30);margin-bottom:var(--wp--preset--spacing--30)\">Repr\u00e9sentation en Justice en Chine<\/h3>\n\n\n\n<p style=\"line-height:1.5\">Lorsque la n\u00e9gociation \u00e9choue, nous traitons les litiges devant les tribunaux chinois \u2014 couvrant les atteintes \u00e0 la propri\u00e9t\u00e9 intellectuelle (contrefa\u00e7ons, utilisation non autoris\u00e9e) ou les violations contractuelles (marchandises non conformes, retards). Nos services incluent l\u2019examen des preuves, les tentatives de m\u00e9diation pr\u00e9-contentieuse, le d\u00e9p\u00f4t de la requ\u00eate, la repr\u00e9sentation et l\u2019ex\u00e9cution des jugements.<\/p>\n<\/div><figure class=\"wp-block-media-text__media\"><img loading=\"lazy\" decoding=\"async\" width=\"1024\" height=\"681\" src=\"https:\/\/shineza.org\/wp-content\/uploads\/2024\/06\/pexels-pixabay-48148-1024x681.webp\" alt=\"Signature applied on legal documents \u2013 China trademark search\" class=\"wp-image-2780 size-full\" srcset=\"https:\/\/shineza.org\/wp-content\/uploads\/2024\/06\/pexels-pixabay-48148-1024x681.webp 1024w, https:\/\/shineza.org\/wp-content\/uploads\/2024\/06\/pexels-pixabay-48148-300x199.webp 300w, https:\/\/shineza.org\/wp-content\/uploads\/2024\/06\/pexels-pixabay-48148-768x511.webp 768w, https:\/\/shineza.org\/wp-content\/uploads\/2024\/06\/pexels-pixabay-48148-1536x1021.webp 1536w, https:\/\/shineza.org\/wp-content\/uploads\/2024\/06\/pexels-pixabay-48148.webp 1955w\" sizes=\"(max-width: 1024px) 100vw, 1024px\" \/><\/figure><\/div>\n\n\n\n<div style=\"height:48px\" aria-hidden=\"true\" class=\"wp-block-spacer\"><\/div>\n","protected":false},"excerpt":{"rendered":"<p>HUB SOURCING PROPRI\u00c9T\u00c9 INTELLECTUELLE LITIGE COMMERCIAL<\/p>\n","protected":false},"author":1,"featured_media":0,"parent":0,"menu_order":0,"comment_status":"closed","ping_status":"closed","template":"","meta":{"_uf_show_specific_survey":0,"_uf_disable_surveys":false,"site-sidebar-layout":"default","site-content-layout":"","ast-site-content-layout":"default","site-content-style":"default","site-sidebar-style":"default","ast-global-header-display":"","ast-banner-title-visibility":"","ast-main-header-display":"","ast-hfb-above-header-display":"","ast-hfb-below-header-display":"","ast-hfb-mobile-header-display":"","site-post-title":"disabled","ast-breadcrumbs-content":"","ast-featured-img":"","footer-sml-layout":"","ast-disable-related-posts":"","theme-transparent-header-meta":"","adv-header-id-meta":"","stick-header-meta":"","header-above-stick-meta":"","header-main-stick-meta":"","header-below-stick-meta":"","astra-migrate-meta-layouts":"set","ast-page-background-enabled":"default","ast-page-background-meta":{"desktop":{"background-color":"var(--ast-global-color-4)","background-image":"","background-repeat":"repeat","background-position":"center center","background-size":"auto","background-attachment":"scroll","background-type":"","background-media":"","overlay-type":"","overlay-color":"","overlay-opacity":"","overlay-gradient":""},"tablet":{"background-color":"","background-image":"","background-repeat":"repeat","background-position":"center center","background-size":"auto","background-attachment":"scroll","background-type":"","background-media":"","overlay-type":"","overlay-color":"","overlay-opacity":"","overlay-gradient":""},"mobile":{"background-color":"","background-image":"","background-repeat":"repeat","background-position":"center center","background-size":"auto","background-attachment":"scroll","background-type":"","background-media":"","overlay-type":"","overlay-color":"","overlay-opacity":"","overlay-gradient":""}},"ast-content-background-meta":{"desktop":{"background-color":"var(--ast-global-color-5)","background-image":"","background-repeat":"repeat","background-position":"center center","background-size":"auto","background-attachment":"scroll","background-type":"","background-media":"","overlay-type":"","overlay-color":"","overlay-opacity":"","overlay-gradient":""},"tablet":{"background-color":"var(--ast-global-color-5)","background-image":"","background-repeat":"repeat","background-position":"center center","background-size":"auto","background-attachment":"scroll","background-type":"","background-media":"","overlay-type":"","overlay-color":"","overlay-opacity":"","overlay-gradient":""},"mobile":{"background-color":"var(--ast-global-color-5)","background-image":"","background-repeat":"repeat","background-position":"center center","background-size":"auto","background-attachment":"scroll","background-type":"","background-media":"","overlay-type":"","overlay-color":"","overlay-opacity":"","overlay-gradient":""}},"footnotes":""},"class_list":["post-3828","page","type-page","status-publish","hentry"],"aioseo_notices":[],"_links":{"self":[{"href":"https:\/\/shineza.org\/index.php\/wp-json\/wp\/v2\/pages\/3828","targetHints":{"allow":["GET"]}}],"collection":[{"href":"https:\/\/shineza.org\/index.php\/wp-json\/wp\/v2\/pages"}],"about":[{"href":"https:\/\/shineza.org\/index.php\/wp-json\/wp\/v2\/types\/page"}],"author":[{"embeddable":true,"href":"https:\/\/shineza.org\/index.php\/wp-json\/wp\/v2\/users\/1"}],"replies":[{"embeddable":true,"href":"https:\/\/shineza.org\/index.php\/wp-json\/wp\/v2\/comments?post=3828"}],"version-history":[{"count":1,"href":"https:\/\/shineza.org\/index.php\/wp-json\/wp\/v2\/pages\/3828\/revisions"}],"predecessor-version":[{"id":3829,"href":"https:\/\/shineza.org\/index.php\/wp-json\/wp\/v2\/pages\/3828\/revisions\/3829"}],"wp:attachment":[{"href":"https:\/\/shineza.org\/index.php\/wp-json\/wp\/v2\/media?parent=3828"}],"curies":[{"name":"wp","href":"https:\/\/api.w.org\/{rel}","templated":true}]}}