{"id":3809,"date":"2026-03-09T14:45:29","date_gmt":"2026-03-09T13:45:29","guid":{"rendered":"https:\/\/shineza.org\/?page_id=3809"},"modified":"2026-03-09T14:45:29","modified_gmt":"2026-03-09T13:45:29","slug":"politique-de-cookies","status":"publish","type":"page","link":"https:\/\/shineza.org\/index.php\/politique-de-cookies\/","title":{"rendered":"Politique de Cookies"},"content":{"rendered":"\n<p>Date d&#8217;effet : mars 2026<\/p>\n\n\n\n<ol class=\"wp-block-list\">\n<li>Introduction Nous sommes attach\u00e9s au respect de votre vie priv\u00e9e et \u00e0 la transparence concernant les technologies qui acc\u00e8dent ou stockent des informations sur votre terminal. La pr\u00e9sente Politique de cookies explique notre utilisation (ou non-utilisation) des cookies et autres traceurs.<\/li>\n\n\n\n<li>Utilisation des cookies et technologies de suivi Notre site internet <strong>n&#8217;utilise aucun cookie<\/strong>, ni pixel, traceur, stockage local ou toute technologie similaire \u00e0 des fins d&#8217;analyse, de publicit\u00e9, de personnalisation ou de fonctionnalit\u00e9s avanc\u00e9es. Aucun cookie n&#8217;est d\u00e9pos\u00e9 ou lu sur votre terminal lors de votre navigation.<\/li>\n<\/ol>\n\n\n\n<p>Aucune donn\u00e9e personnelle n&#8217;est collect\u00e9e ou stock\u00e9e par ce moyen.<\/p>\n\n\n\n<ol reversed start=\"3\" class=\"wp-block-list\">\n<li>Cookies exempt\u00e9s Les seuls \u00e9l\u00e9ments techniques strictement n\u00e9cessaires au fonctionnement basique du site (ex. : gestion de session HTTP si applicable) ne sont pas consid\u00e9r\u00e9s comme des cookies soumis \u00e0 consentement selon les lignes directrices de la CNIL.<\/li>\n\n\n\n<li>Contact Pour toute question relative \u00e0 cette Politique de cookies, contactez-nous \u00e0 : <a href=\"mailto:info@shineza.org\" target=\"_blank\" rel=\"noreferrer noopener\">info@shineza.org<\/a><\/li>\n\n\n\n<li>Modifications Nous pouvons mettre \u00e0 jour cette Politique de cookies. Les modifications seront publi\u00e9es sur cette page avec une nouvelle date d&#8217;effet. Nous vous invitons \u00e0 la consulter r\u00e9guli\u00e8rement.<\/li>\n<\/ol>\n","protected":false},"excerpt":{"rendered":"<p>Date d&#8217;effet : mars 2026 Aucune donn\u00e9e personnelle n&#8217;est collect\u00e9e ou stock\u00e9e par ce moyen.<\/p>\n","protected":false},"author":1,"featured_media":0,"parent":0,"menu_order":0,"comment_status":"closed","ping_status":"closed","template":"","meta":{"_uf_show_specific_survey":0,"_uf_disable_surveys":false,"site-sidebar-layout":"default","site-content-layout":"","ast-site-content-layout":"default","site-content-style":"default","site-sidebar-style":"default","ast-global-header-display":"","ast-banner-title-visibility":"","ast-main-header-display":"","ast-hfb-above-header-display":"","ast-hfb-below-header-display":"","ast-hfb-mobile-header-display":"","site-post-title":"","ast-breadcrumbs-content":"","ast-featured-img":"","footer-sml-layout":"","ast-disable-related-posts":"","theme-transparent-header-meta":"","adv-header-id-meta":"","stick-header-meta":"","header-above-stick-meta":"","header-main-stick-meta":"","header-below-stick-meta":"","astra-migrate-meta-layouts":"set","ast-page-background-enabled":"default","ast-page-background-meta":{"desktop":{"background-color":"var(--ast-global-color-4)","background-image":"","background-repeat":"repeat","background-position":"center center","background-size":"auto","background-attachment":"scroll","background-type":"","background-media":"","overlay-type":"","overlay-color":"","overlay-opacity":"","overlay-gradient":""},"tablet":{"background-color":"","background-image":"","background-repeat":"repeat","background-position":"center center","background-size":"auto","background-attachment":"scroll","background-type":"","background-media":"","overlay-type":"","overlay-color":"","overlay-opacity":"","overlay-gradient":""},"mobile":{"background-color":"","background-image":"","background-repeat":"repeat","background-position":"center center","background-size":"auto","background-attachment":"scroll","background-type":"","background-media":"","overlay-type":"","overlay-color":"","overlay-opacity":"","overlay-gradient":""}},"ast-content-background-meta":{"desktop":{"background-color":"var(--ast-global-color-5)","background-image":"","background-repeat":"repeat","background-position":"center center","background-size":"auto","background-attachment":"scroll","background-type":"","background-media":"","overlay-type":"","overlay-color":"","overlay-opacity":"","overlay-gradient":""},"tablet":{"background-color":"var(--ast-global-color-5)","background-image":"","background-repeat":"repeat","background-position":"center center","background-size":"auto","background-attachment":"scroll","background-type":"","background-media":"","overlay-type":"","overlay-color":"","overlay-opacity":"","overlay-gradient":""},"mobile":{"background-color":"var(--ast-global-color-5)","background-image":"","background-repeat":"repeat","background-position":"center center","background-size":"auto","background-attachment":"scroll","background-type":"","background-media":"","overlay-type":"","overlay-color":"","overlay-opacity":"","overlay-gradient":""}},"footnotes":""},"class_list":["post-3809","page","type-page","status-publish","hentry"],"aioseo_notices":[],"_links":{"self":[{"href":"https:\/\/shineza.org\/index.php\/wp-json\/wp\/v2\/pages\/3809","targetHints":{"allow":["GET"]}}],"collection":[{"href":"https:\/\/shineza.org\/index.php\/wp-json\/wp\/v2\/pages"}],"about":[{"href":"https:\/\/shineza.org\/index.php\/wp-json\/wp\/v2\/types\/page"}],"author":[{"embeddable":true,"href":"https:\/\/shineza.org\/index.php\/wp-json\/wp\/v2\/users\/1"}],"replies":[{"embeddable":true,"href":"https:\/\/shineza.org\/index.php\/wp-json\/wp\/v2\/comments?post=3809"}],"version-history":[{"count":1,"href":"https:\/\/shineza.org\/index.php\/wp-json\/wp\/v2\/pages\/3809\/revisions"}],"predecessor-version":[{"id":3810,"href":"https:\/\/shineza.org\/index.php\/wp-json\/wp\/v2\/pages\/3809\/revisions\/3810"}],"wp:attachment":[{"href":"https:\/\/shineza.org\/index.php\/wp-json\/wp\/v2\/media?parent=3809"}],"curies":[{"name":"wp","href":"https:\/\/api.w.org\/{rel}","templated":true}]}}