{"id":3577,"date":"2026-02-14T17:04:09","date_gmt":"2026-02-14T16:04:09","guid":{"rendered":"https:\/\/shineza.org\/?page_id=3577"},"modified":"2026-02-17T20:21:28","modified_gmt":"2026-02-17T19:21:28","slug":"sobre-nosotros","status":"publish","type":"page","link":"https:\/\/shineza.org\/index.php\/es\/sobre-nosotros\/","title":{"rendered":"Sobre Nosotros"},"content":{"rendered":"\n<div class=\"wp-block-media-text has-media-on-the-right is-stacked-on-mobile\" style=\"border-style:none;border-width:0px;border-top-left-radius:0px;border-top-right-radius:0px;border-bottom-left-radius:0px;border-bottom-right-radius:0px;padding-top:0;padding-bottom:0\"><div class=\"wp-block-media-text__content\">\n<p>Shineza es una firma boutique que ofrece una gama completa de servicios de propiedad intelectual en China. Cada uno de nuestros colaboradores cuenta con m\u00e1s de 15 a\u00f1os de experiencia en servicios integrales que abarcan desde el registro y la tramitaci\u00f3n hasta la defensa y el litigio en China.<\/p>\n\n\n\n<p>Nuestros abogados y asistentes jur\u00eddicos cualificados est\u00e1n siempre disponibles y dispuestos a asumir parte de su carga de trabajo, ofreciendo servicios de alta calidad a tarifas muy competitivas. Actualmente prestamos servicios a peque\u00f1as, medianas y grandes empresas, startups y particulares provenientes de pa\u00edses occidentales.<\/p>\n<\/div><figure class=\"wp-block-media-text__media\"><img fetchpriority=\"high\" decoding=\"async\" width=\"1024\" height=\"702\" src=\"https:\/\/shineza.org\/wp-content\/uploads\/2024\/08\/DSC05823-scaled-e1722852426907-1024x702.jpg\" alt=\"\" class=\"wp-image-3373 size-full\" srcset=\"https:\/\/shineza.org\/wp-content\/uploads\/2024\/08\/DSC05823-scaled-e1722852426907-1024x702.jpg 1024w, https:\/\/shineza.org\/wp-content\/uploads\/2024\/08\/DSC05823-scaled-e1722852426907-300x206.jpg 300w, https:\/\/shineza.org\/wp-content\/uploads\/2024\/08\/DSC05823-scaled-e1722852426907-768x527.jpg 768w, https:\/\/shineza.org\/wp-content\/uploads\/2024\/08\/DSC05823-scaled-e1722852426907-1536x1053.jpg 1536w, https:\/\/shineza.org\/wp-content\/uploads\/2024\/08\/DSC05823-scaled-e1722852426907-2048x1404.jpg 2048w\" sizes=\"(max-width: 1024px) 100vw, 1024px\" \/><\/figure><\/div>\n\n\n\n<div style=\"height:100px\" aria-hidden=\"true\" class=\"wp-block-spacer\"><\/div>\n\n\n\n<div class=\"wp-block-media-text is-stacked-on-mobile\" style=\"grid-template-columns:30% auto\"><figure class=\"wp-block-media-text__media\"><img decoding=\"async\" width=\"683\" height=\"1024\" src=\"https:\/\/shineza.org\/wp-content\/uploads\/2024\/06\/Alfred_Office-683x1024.jpg\" alt=\"\" class=\"wp-image-2551 size-full\" srcset=\"https:\/\/shineza.org\/wp-content\/uploads\/2024\/06\/Alfred_Office-683x1024.jpg 683w, https:\/\/shineza.org\/wp-content\/uploads\/2024\/06\/Alfred_Office-200x300.jpg 200w, https:\/\/shineza.org\/wp-content\/uploads\/2024\/06\/Alfred_Office-768x1152.jpg 768w, https:\/\/shineza.org\/wp-content\/uploads\/2024\/06\/Alfred_Office-1024x1536.jpg 1024w, https:\/\/shineza.org\/wp-content\/uploads\/2024\/06\/Alfred_Office-1365x2048.jpg 1365w, https:\/\/shineza.org\/wp-content\/uploads\/2024\/06\/Alfred_Office-scaled.jpg 1707w\" sizes=\"(max-width: 683px) 100vw, 683px\" \/><\/figure><div class=\"wp-block-media-text__content\">\n<p style=\"font-style:normal;font-weight:300\">Alfred Zhang cuenta con m\u00e1s de 15 a\u00f1os de experiencia en consultor\u00eda y litigios en propiedad intelectual.<\/p>\n\n\n\n<p>Es licenciado en Medicina Cl\u00ednica por la Universidad de Sichuan, posee un M\u00e1ster en Derecho (Juris Master) por la Universidad de Fudan y un LL.M. en Derecho del Comercio Electr\u00f3nico y de las Telecomunicaciones por la Universidad de Hertfordshire.<\/p>\n\n\n\n<p style=\"font-style:normal;font-weight:300\">Sus \u00e1reas de pr\u00e1ctica incluyen la adquisici\u00f3n, comercializaci\u00f3n y protecci\u00f3n de derechos de propiedad intelectual en China, as\u00ed como la planificaci\u00f3n y protecci\u00f3n de derechos de propiedad intelectual en el extranjero para empresas chinas. Alfred tambi\u00e9n brinda asesoramiento jur\u00eddico en inversiones transfronterizas y operaciones de fusiones y adquisiciones (M&amp;A), y ofrece asesor\u00eda legal a empresas con inversi\u00f3n extranjera que desarrollan actividades comerciales en China.<\/p>\n<\/div><\/div>\n\n\n\n<div style=\"height:100px\" aria-hidden=\"true\" class=\"wp-block-spacer\"><\/div>\n\n\n\n<div class=\"wp-block-media-text has-media-on-the-right is-stacked-on-mobile\" style=\"grid-template-columns:auto 30%\"><div class=\"wp-block-media-text__content\">\n<p><br>Olivier Pire, consultor experimentado en Comercio Internacional, aporta m\u00e1s de dos d\u00e9cadas de experiencia. Establecido en Shangh\u00e1i desde hace m\u00e1s de 17 a\u00f1os, y habiendo desempe\u00f1ado funciones como Director Internacional de Ventas y Responsable de Desarrollo de Negocio en diversas empresas, es considerado un experto en el sector.<\/p>\n\n\n\n<p>En los \u00faltimos a\u00f1os, Olivier Pire ha actuado principalmente como consultor para empresas extranjeras que buscan acceder con confianza al mercado de China continental. Olivier Pire es un profesional de confianza con una amplia experiencia para guiar con \u00e9xito a los clientes de SHINEZA.<\/p>\n<\/div><figure class=\"wp-block-media-text__media\"><img decoding=\"async\" width=\"690\" height=\"1024\" src=\"https:\/\/shineza.org\/wp-content\/uploads\/2024\/06\/SlomaOffice-690x1024.jpg\" alt=\"\" class=\"wp-image-2553 size-full\" srcset=\"https:\/\/shineza.org\/wp-content\/uploads\/2024\/06\/SlomaOffice-690x1024.jpg 690w, https:\/\/shineza.org\/wp-content\/uploads\/2024\/06\/SlomaOffice-202x300.jpg 202w, https:\/\/shineza.org\/wp-content\/uploads\/2024\/06\/SlomaOffice.jpg 748w\" sizes=\"(max-width: 690px) 100vw, 690px\" \/><\/figure><\/div>\n\n\n\n<p><\/p>\n","protected":false},"excerpt":{"rendered":"<p>Shineza es una firma boutique que ofrece una gama completa de servicios de propiedad intelectual en China. Cada uno de nuestros colaboradores cuenta con m\u00e1s de 15 a\u00f1os de experiencia en servicios integrales que abarcan desde el registro y la tramitaci\u00f3n hasta la defensa y el litigio en China. Nuestros abogados y asistentes jur\u00eddicos cualificados [&hellip;]<\/p>\n","protected":false},"author":1,"featured_media":0,"parent":0,"menu_order":0,"comment_status":"closed","ping_status":"closed","template":"","meta":{"_uf_show_specific_survey":0,"_uf_disable_surveys":false,"site-sidebar-layout":"default","site-content-layout":"","ast-site-content-layout":"default","site-content-style":"default","site-sidebar-style":"default","ast-global-header-display":"","ast-banner-title-visibility":"","ast-main-header-display":"","ast-hfb-above-header-display":"","ast-hfb-below-header-display":"","ast-hfb-mobile-header-display":"","site-post-title":"","ast-breadcrumbs-content":"","ast-featured-img":"","footer-sml-layout":"","ast-disable-related-posts":"","theme-transparent-header-meta":"","adv-header-id-meta":"","stick-header-meta":"","header-above-stick-meta":"","header-main-stick-meta":"","header-below-stick-meta":"","astra-migrate-meta-layouts":"set","ast-page-background-enabled":"default","ast-page-background-meta":{"desktop":{"background-color":"var(--ast-global-color-4)","background-image":"","background-repeat":"repeat","background-position":"center center","background-size":"auto","background-attachment":"scroll","background-type":"","background-media":"","overlay-type":"","overlay-color":"","overlay-opacity":"","overlay-gradient":""},"tablet":{"background-color":"","background-image":"","background-repeat":"repeat","background-position":"center center","background-size":"auto","background-attachment":"scroll","background-type":"","background-media":"","overlay-type":"","overlay-color":"","overlay-opacity":"","overlay-gradient":""},"mobile":{"background-color":"","background-image":"","background-repeat":"repeat","background-position":"center center","background-size":"auto","background-attachment":"scroll","background-type":"","background-media":"","overlay-type":"","overlay-color":"","overlay-opacity":"","overlay-gradient":""}},"ast-content-background-meta":{"desktop":{"background-color":"var(--ast-global-color-5)","background-image":"","background-repeat":"repeat","background-position":"center center","background-size":"auto","background-attachment":"scroll","background-type":"","background-media":"","overlay-type":"","overlay-color":"","overlay-opacity":"","overlay-gradient":""},"tablet":{"background-color":"var(--ast-global-color-5)","background-image":"","background-repeat":"repeat","background-position":"center center","background-size":"auto","background-attachment":"scroll","background-type":"","background-media":"","overlay-type":"","overlay-color":"","overlay-opacity":"","overlay-gradient":""},"mobile":{"background-color":"var(--ast-global-color-5)","background-image":"","background-repeat":"repeat","background-position":"center center","background-size":"auto","background-attachment":"scroll","background-type":"","background-media":"","overlay-type":"","overlay-color":"","overlay-opacity":"","overlay-gradient":""}},"footnotes":""},"class_list":["post-3577","page","type-page","status-publish","hentry"],"aioseo_notices":[],"_links":{"self":[{"href":"https:\/\/shineza.org\/index.php\/wp-json\/wp\/v2\/pages\/3577","targetHints":{"allow":["GET"]}}],"collection":[{"href":"https:\/\/shineza.org\/index.php\/wp-json\/wp\/v2\/pages"}],"about":[{"href":"https:\/\/shineza.org\/index.php\/wp-json\/wp\/v2\/types\/page"}],"author":[{"embeddable":true,"href":"https:\/\/shineza.org\/index.php\/wp-json\/wp\/v2\/users\/1"}],"replies":[{"embeddable":true,"href":"https:\/\/shineza.org\/index.php\/wp-json\/wp\/v2\/comments?post=3577"}],"version-history":[{"count":2,"href":"https:\/\/shineza.org\/index.php\/wp-json\/wp\/v2\/pages\/3577\/revisions"}],"predecessor-version":[{"id":3608,"href":"https:\/\/shineza.org\/index.php\/wp-json\/wp\/v2\/pages\/3577\/revisions\/3608"}],"wp:attachment":[{"href":"https:\/\/shineza.org\/index.php\/wp-json\/wp\/v2\/media?parent=3577"}],"curies":[{"name":"wp","href":"https:\/\/api.w.org\/{rel}","templated":true}]}}